{"id":245,"date":"2020-05-23T21:26:17","date_gmt":"2020-05-23T19:26:17","guid":{"rendered":"https:\/\/dev.schoenberger-strand.info\/?page_id=245"},"modified":"2020-05-30T19:45:49","modified_gmt":"2020-05-30T17:45:49","slug":"beste-reisezeit","status":"publish","type":"page","link":"https:\/\/schoenberger-strand.info\/en\/beste-reisezeit","title":{"rendered":"Best time to travel"},"content":{"rendered":"<h2 class=\"wp-block-heading\">The best time to travel ? \u00a0- all year round!<\/h2>\n\n\n\n<p>Sch\u00f6nberger Strand offers something for every season and our holiday home is open all year round. The main season is of course in summer, but we offer pure relaxation all year round.<\/p>\n\n\n\n<div class=\"wp-block-columns is-layout-flex wp-container-core-columns-is-layout-9d6595d7 wp-block-columns-is-layout-flex\">\n<div class=\"wp-block-column is-layout-flow wp-block-column-is-layout-flow\">\n<ul class=\"wp-block-list\"><li><strong>Beach holiday with your family<\/strong>\u00a0- Especially during the school holidays (June to early September), around Easter and the beginning of October, holidays with school-age children are particularly popular.<\/li><li><strong>Beach and relaxation holiday outside the main season<\/strong>\u00a0- Also in spring and autumn we have many visitors who enjoy the beach and the maritime flair. The wicker beach chair season lasts from Easter to mid October. A vacation with the bicycle is possible with us most of the year.<\/li><li><strong>Decelerate in the cold season<\/strong>\u00a0- In autumn and winter the weather and the sea are a bit rougher and that offers its own charm. Relax during long walks on the beach and look forward to the warm fireplace back at the residence.<\/li><\/ul>\n<\/div>\n\n\n\n<div class=\"wp-block-column is-layout-flow wp-block-column-is-layout-flow\">\n<figure class=\"wp-block-image size-large\"><img loading=\"lazy\" decoding=\"async\" width=\"1024\" height=\"768\" src=\"https:\/\/schoenberger-strand.info\/wp-content\/uploads\/2020\/05\/249_Sommer.original-1024x768.jpg\" alt=\"\" class=\"wp-image-468\" srcset=\"https:\/\/schoenberger-strand.info\/wp-content\/uploads\/2020\/05\/249_Sommer.original-1024x768.jpg 1024w, https:\/\/schoenberger-strand.info\/wp-content\/uploads\/2020\/05\/249_Sommer.original-300x225.jpg 300w, https:\/\/schoenberger-strand.info\/wp-content\/uploads\/2020\/05\/249_Sommer.original-768x576.jpg 768w, https:\/\/schoenberger-strand.info\/wp-content\/uploads\/2020\/05\/249_Sommer.original-1536x1152.jpg 1536w, https:\/\/schoenberger-strand.info\/wp-content\/uploads\/2020\/05\/249_Sommer.original-2048x1536.jpg 2048w\" sizes=\"auto, (max-width: 1024px) 100vw, 1024px\" \/><figcaption>\u00a9 Probstei Tourismus Marketing<\/figcaption><\/figure>\n<\/div>\n<\/div>\n\n\n\n<div class=\"wp-block-columns is-layout-flex wp-container-core-columns-is-layout-9d6595d7 wp-block-columns-is-layout-flex\">\n<div class=\"wp-block-column is-layout-flow wp-block-column-is-layout-flow\">\n<figure class=\"wp-block-image size-large\"><img loading=\"lazy\" decoding=\"async\" width=\"1024\" height=\"768\" src=\"https:\/\/schoenberger-strand.info\/wp-content\/uploads\/2020\/05\/544_Abendstimmung.original-1024x768.jpg\" alt=\"\" class=\"wp-image-437\" srcset=\"https:\/\/schoenberger-strand.info\/wp-content\/uploads\/2020\/05\/544_Abendstimmung.original-1024x768.jpg 1024w, https:\/\/schoenberger-strand.info\/wp-content\/uploads\/2020\/05\/544_Abendstimmung.original-300x225.jpg 300w, https:\/\/schoenberger-strand.info\/wp-content\/uploads\/2020\/05\/544_Abendstimmung.original-768x576.jpg 768w, https:\/\/schoenberger-strand.info\/wp-content\/uploads\/2020\/05\/544_Abendstimmung.original-1536x1152.jpg 1536w, https:\/\/schoenberger-strand.info\/wp-content\/uploads\/2020\/05\/544_Abendstimmung.original-2048x1536.jpg 2048w\" sizes=\"auto, (max-width: 1024px) 100vw, 1024px\" \/><figcaption>\u00a9 Probstei Tourismus Marketing<\/figcaption><\/figure>\n\n\n\n<p><\/p>\n<\/div>\n\n\n\n<div class=\"wp-block-column is-layout-flow wp-block-column-is-layout-flow\">\n<ul class=\"wp-block-list\"><li><strong>Visit your relatives in the Holm Rehabilitation Clinic<\/strong>&nbsp;- Not far from our holiday home (4km by car or bicycle, 7min by bus line 200) is the \"Ostseeklinik\" Sch\u00f6nberg-Holm (specialized in treatment of circulatory and respiratory illnesses). Take advantage of your stay with us to visit a relative in the clinic; or arrange for an outpatient treatment in the clinic and stay with your partner or relative in one of our apartments away from the clinic.<\/li><li><strong>Meet up with your family and friends over Christmas and New Year<\/strong>&nbsp;- towards the end of the year is our secret second main season. Enjoy the time with your family or friends near the beach and far away from the hustle and bustle of everyday life. Hint: If you rent our apartments \"Hauptdeck\" and \"Oberdeck\" together, the whole house is at your disposal: Then take a holiday with the extended family or a group of friends.<\/li><\/ul>\n<\/div>\n<\/div>\n\n\n\n<p>Even in winter some restaurants, caf\u00e9s and shops are open in Sch\u00f6nberger Strand, so that your well-being will be taken care of all year round.<\/p>","protected":false},"excerpt":{"rendered":"<p>Die beste Reisezeit ? &nbsp;&#8211; das ganze Jahr \u00fcber! Sch\u00f6nberger Strand bietet etwas f\u00fcr jede Saison und unser Ferienhaus ist das ganze Jahr \u00fcber ge\u00f6ffnet. Die Hauptsaison ist nat\u00fcrlich im Sommer, aber bei uns gibt es das ganze Jahr \u00fcber Erholung pur. Strandurlaub mit der Familie\u00a0\u2013 gerade w\u00e4hrend der Schulferien (Juni bis Anfang September), um <a class=\"read-more\" href=\"https:\/\/schoenberger-strand.info\/en\/beste-reisezeit\">READ MORE<\/a><\/p>","protected":false},"author":1,"featured_media":0,"parent":0,"menu_order":0,"comment_status":"closed","ping_status":"closed","template":"","meta":{"footnotes":""},"class_list":["post-245","page","type-page","status-publish","hentry"],"_links":{"self":[{"href":"https:\/\/schoenberger-strand.info\/en\/wp-json\/wp\/v2\/pages\/245","targetHints":{"allow":["GET"]}}],"collection":[{"href":"https:\/\/schoenberger-strand.info\/en\/wp-json\/wp\/v2\/pages"}],"about":[{"href":"https:\/\/schoenberger-strand.info\/en\/wp-json\/wp\/v2\/types\/page"}],"author":[{"embeddable":true,"href":"https:\/\/schoenberger-strand.info\/en\/wp-json\/wp\/v2\/users\/1"}],"replies":[{"embeddable":true,"href":"https:\/\/schoenberger-strand.info\/en\/wp-json\/wp\/v2\/comments?post=245"}],"version-history":[{"count":0,"href":"https:\/\/schoenberger-strand.info\/en\/wp-json\/wp\/v2\/pages\/245\/revisions"}],"wp:attachment":[{"href":"https:\/\/schoenberger-strand.info\/en\/wp-json\/wp\/v2\/media?parent=245"}],"curies":[{"name":"wp","href":"https:\/\/api.w.org\/{rel}","templated":true}]}}