{"id":244,"date":"2020-05-23T21:26:17","date_gmt":"2020-05-23T19:26:17","guid":{"rendered":"https:\/\/dev.schoenberger-strand.info\/?page_id=244"},"modified":"2026-01-03T20:10:55","modified_gmt":"2026-01-03T19:10:55","slug":"ausfluege","status":"publish","type":"page","link":"https:\/\/schoenberger-strand.info\/en\/ausfluege","title":{"rendered":"Local trips"},"content":{"rendered":"<p>There are many opportunities to get to know the wider region:<\/p>\n\n\n\n<div class=\"wp-block-columns is-layout-flex wp-container-core-columns-is-layout-9d6595d7 wp-block-columns-is-layout-flex\">\n<div class=\"wp-block-column is-layout-flow wp-block-column-is-layout-flow\">\n<ul class=\"wp-block-list\">\n<li><strong>Sch\u00f6nberg<\/strong>&nbsp;(3km) - the nearest town with various shops and restaurants as well as the Probsteimuseum with historical half-timbered houses and the Childhood Museum with many interesting historical exhibits<\/li>\n\n\n\n<li><strong>Krokauer M\u00fchle<\/strong>&nbsp;(5km) - Visit a fully functioning historic windmill<\/li>\n\n\n\n<li><strong>Laboe<\/strong>&nbsp;(12 km) with wartime submarine, naval memorial and Marine Biological Base (external link:&nbsp;<a href=\"https:\/\/www.meeresbiologie-laboe.de\/\" target=\"_blank\" rel=\"noreferrer noopener\">Marine Biological Base<\/a>)<\/li>\n\n\n\n<li><strong>Gut Panker<\/strong>&nbsp;(14 km) - Stroll through the historic estate with its numerous shops with design articles, restaurants, caf\u00e9s etc. (external link:&nbsp;<a href=\"https:\/\/www.aufgutpanker.de\/\" target=\"_blank\" rel=\"noreferrer noopener\">Gut Panker<\/a>)<\/li>\n\n\n\n<li class=\"translation-block\"><strong>Turmh\u00fcgelburg L\u00fctjenburg<\/strong> (16km) \u2013 \u00a0Reconstruction of a medieval fortress, 2km after Panker (externer Link: <a href=\"https:\/\/www.turmhuegelburg.de\/\" data-type=\"URL\" data-id=\"https:\/\/www.turmhuegelburg.de\/\" target=\"_blank\" rel=\"noopener external noreferrer\" data-wpel-link=\"external\">Turmh\u00fcgelburg<\/a>)<\/li>\n\n\n\n<li><strong>Kiel<\/strong>&nbsp;(28km) with shopping facilities, shipping museum, art gallery and computer museum can also be reached by bus (line 200, bus stop about 25m from our holiday home)<\/li>\n<\/ul>\n\n\n\n<p><\/p>\n<\/div>\n\n\n\n<div class=\"wp-block-column is-layout-flow wp-block-column-is-layout-flow\">\n<figure class=\"wp-block-image size-large\"><img loading=\"lazy\" decoding=\"async\" width=\"1024\" height=\"768\" src=\"https:\/\/schoenberger-strand.info\/wp-content\/uploads\/2020\/05\/808_U_Boot__Marine_Ehrenmal.original-1024x768.jpg\" alt=\"\" class=\"wp-image-360\" srcset=\"https:\/\/schoenberger-strand.info\/wp-content\/uploads\/2020\/05\/808_U_Boot__Marine_Ehrenmal.original-1024x768.jpg 1024w, https:\/\/schoenberger-strand.info\/wp-content\/uploads\/2020\/05\/808_U_Boot__Marine_Ehrenmal.original-300x225.jpg 300w, https:\/\/schoenberger-strand.info\/wp-content\/uploads\/2020\/05\/808_U_Boot__Marine_Ehrenmal.original-768x576.jpg 768w, https:\/\/schoenberger-strand.info\/wp-content\/uploads\/2020\/05\/808_U_Boot__Marine_Ehrenmal.original-1536x1152.jpg 1536w, https:\/\/schoenberger-strand.info\/wp-content\/uploads\/2020\/05\/808_U_Boot__Marine_Ehrenmal.original-2048x1536.jpg 2048w\" sizes=\"auto, (max-width: 1024px) 100vw, 1024px\" \/><figcaption class=\"wp-element-caption\">\u00a9 Probstei Tourismus Marketing<\/figcaption><\/figure>\n<\/div>\n<\/div>\n\n\n\n<div class=\"wp-block-columns is-layout-flex wp-container-core-columns-is-layout-9d6595d7 wp-block-columns-is-layout-flex\">\n<div class=\"wp-block-column is-layout-flow wp-block-column-is-layout-flow\">\n<figure class=\"wp-block-image size-large\"><img loading=\"lazy\" decoding=\"async\" width=\"1024\" height=\"683\" src=\"https:\/\/schoenberger-strand.info\/wp-content\/uploads\/2020\/05\/1070_Strohfigur_der_Probsteier_Korntage_2014_.original-1024x683.jpg\" alt=\"\" class=\"wp-image-371\" srcset=\"https:\/\/schoenberger-strand.info\/wp-content\/uploads\/2020\/05\/1070_Strohfigur_der_Probsteier_Korntage_2014_.original-1024x683.jpg 1024w, https:\/\/schoenberger-strand.info\/wp-content\/uploads\/2020\/05\/1070_Strohfigur_der_Probsteier_Korntage_2014_.original-300x200.jpg 300w, https:\/\/schoenberger-strand.info\/wp-content\/uploads\/2020\/05\/1070_Strohfigur_der_Probsteier_Korntage_2014_.original-768x512.jpg 768w, https:\/\/schoenberger-strand.info\/wp-content\/uploads\/2020\/05\/1070_Strohfigur_der_Probsteier_Korntage_2014_.original-1536x1024.jpg 1536w, https:\/\/schoenberger-strand.info\/wp-content\/uploads\/2020\/05\/1070_Strohfigur_der_Probsteier_Korntage_2014_.original-2048x1365.jpg 2048w\" sizes=\"auto, (max-width: 1024px) 100vw, 1024px\" \/><figcaption class=\"wp-element-caption\">\u00a9 Probstei Tourismus Marketing<\/figcaption><\/figure>\n\n\n\n<p><\/p>\n<\/div>\n\n\n\n<div class=\"wp-block-column is-layout-flow wp-block-column-is-layout-flow\">\n<ul class=\"wp-block-list\">\n<li><strong>Nord-Ostsee-Kanal<\/strong>&nbsp;(35km) - visit the most frequented artificial waterway in the world<\/li>\n\n\n\n<li><strong>Holsteinische Schweiz and Seenplatte<\/strong>&nbsp;(35km) - Five large, interconnected lakes and in the middle of them our district town Pl\u00f6n. The lake trips by excursion steamer are especially popular (external link:&nbsp;<a href=\"https:\/\/www.holsteinischeschweiz.de\/seenfahrten\" target=\"_blank\" data-type=\"URL\" data-id=\"https:\/\/www.holsteinischeschweiz.de\/seenfahrten\" rel=\"noreferrer noopener\">boat trips from Pl\u00f6n<\/a>)<\/li>\n\n\n\n<li><strong>Bad Segeberg<\/strong>&nbsp;(75km) - a visit to the Karl May Festival is a \"must\" for many families (external link:&nbsp;<a href=\"https:\/\/www.karl-may-spiele.de\/nav-main\/aktuell\" target=\"_blank\" rel=\"noreferrer noopener\">Karl-May-Spiele<\/a>)<\/li>\n\n\n\n<li><strong>L\u00fcbeck<\/strong>&nbsp;(75km) - with its historical old town (world cultural heritage) and the famous marzipan<\/li>\n\n\n\n<li><strong>Schleswig<\/strong>&nbsp;(90km) - with state museum and the viking village \"Haitabu\" (world cultural heritage) (external link:&nbsp;<a href=\"https:\/\/haithabu.de\/\" target=\"_blank\" rel=\"noreferrer noopener\">Viking museum Haitabu<\/a>)<\/li>\n<\/ul>\n<\/div>\n<\/div>\n\n\n\n<h2 class=\"wp-block-heading\">Veranstaltungen<\/h2>\n\n\n\n<div class=\"wp-block-columns is-layout-flex wp-container-core-columns-is-layout-9d6595d7 wp-block-columns-is-layout-flex\">\n<div class=\"wp-block-column is-layout-flow wp-block-column-is-layout-flow\">\n<ul class=\"wp-block-list\">\n<li><strong>Kieler Woche\u00a0<\/strong>(always at the end of June, 20 to 28 June 2026) - the central event for all sailing enthusiasts. Thanks to the entertaining and varied supporting programme, even landlubbers get their money's worth here (external link:\u00a0<a href=\"https:\/\/www.kieler-woche.de\/\" target=\"_blank\" rel=\"noreferrer noopener\">Kieler Woche<\/a>)<\/li>\n\n\n\n<li><strong>Schleswig-Holstein Classical  Music Festival&nbsp;<\/strong>(July\/August) - classical music with a twist. Our insider tip are the concerts on the estate of the Emkendorf manor (about 50km): combine music in the old barn with picnic in the park of the manor house. Suitable for young and old. Early booking is essential (external link:&nbsp;<a href=\"https:\/\/www.shmf.de\/\" target=\"_blank\" rel=\"noreferrer noopener\">Schleswig-Holstein Classical  Music Festival<\/a>)<\/li>\n\n\n\n<li><strong>Nordart<\/strong> The secret tip for art enthusiasts, from early June to early October. One of the largest annual exhibitions of contemporary art in Europe, hosted at the site of the historic foundry in Rendsburg (<a href=\"https:\/\/www.nordart.de\" target=\"_blank\" rel=\"noopener\">Nordart<\/a>).<\/li>\n<\/ul>\n<\/div>\n\n\n\n<div class=\"wp-block-column is-layout-flow wp-block-column-is-layout-flow\">\n<figure class=\"wp-block-image size-large\"><img loading=\"lazy\" decoding=\"async\" width=\"1024\" height=\"579\" src=\"https:\/\/schoenberger-strand.info\/wp-content\/uploads\/2020\/05\/254_Kreuzfahrer_vor_Laboe.original-1024x579.jpg\" alt=\"\" class=\"wp-image-335\" srcset=\"https:\/\/schoenberger-strand.info\/wp-content\/uploads\/2020\/05\/254_Kreuzfahrer_vor_Laboe.original-1024x579.jpg 1024w, https:\/\/schoenberger-strand.info\/wp-content\/uploads\/2020\/05\/254_Kreuzfahrer_vor_Laboe.original-300x170.jpg 300w, https:\/\/schoenberger-strand.info\/wp-content\/uploads\/2020\/05\/254_Kreuzfahrer_vor_Laboe.original-768x434.jpg 768w, https:\/\/schoenberger-strand.info\/wp-content\/uploads\/2020\/05\/254_Kreuzfahrer_vor_Laboe.original-1536x868.jpg 1536w, https:\/\/schoenberger-strand.info\/wp-content\/uploads\/2020\/05\/254_Kreuzfahrer_vor_Laboe.original-2048x1158.jpg 2048w\" sizes=\"auto, (max-width: 1024px) 100vw, 1024px\" \/><figcaption class=\"wp-element-caption\">\u00a9 Probstei Tourismus Marketing<\/figcaption><\/figure>\n<\/div>\n<\/div>\n\n\n\n<p><\/p>","protected":false},"excerpt":{"rendered":"<p>Wer die weitere Region kennenlernen will, f\u00fcr den gibt es vielf\u00e4ltige M\u00f6glichkeiten: Veranstaltungen<\/p>","protected":false},"author":1,"featured_media":0,"parent":0,"menu_order":0,"comment_status":"closed","ping_status":"closed","template":"","meta":{"footnotes":""},"class_list":["post-244","page","type-page","status-publish","hentry"],"_links":{"self":[{"href":"https:\/\/schoenberger-strand.info\/en\/wp-json\/wp\/v2\/pages\/244","targetHints":{"allow":["GET"]}}],"collection":[{"href":"https:\/\/schoenberger-strand.info\/en\/wp-json\/wp\/v2\/pages"}],"about":[{"href":"https:\/\/schoenberger-strand.info\/en\/wp-json\/wp\/v2\/types\/page"}],"author":[{"embeddable":true,"href":"https:\/\/schoenberger-strand.info\/en\/wp-json\/wp\/v2\/users\/1"}],"replies":[{"embeddable":true,"href":"https:\/\/schoenberger-strand.info\/en\/wp-json\/wp\/v2\/comments?post=244"}],"version-history":[{"count":8,"href":"https:\/\/schoenberger-strand.info\/en\/wp-json\/wp\/v2\/pages\/244\/revisions"}],"predecessor-version":[{"id":1151,"href":"https:\/\/schoenberger-strand.info\/en\/wp-json\/wp\/v2\/pages\/244\/revisions\/1151"}],"wp:attachment":[{"href":"https:\/\/schoenberger-strand.info\/en\/wp-json\/wp\/v2\/media?parent=244"}],"curies":[{"name":"wp","href":"https:\/\/api.w.org\/{rel}","templated":true}]}}