{"id":19,"date":"2020-05-23T11:47:00","date_gmt":"2020-05-23T11:47:00","guid":{"rendered":"https:\/\/dev.schoenberger-strand.info\/?page_id=19"},"modified":"2025-05-01T17:32:01","modified_gmt":"2025-05-01T15:32:01","slug":"das-ferienhaus","status":"publish","type":"page","link":"https:\/\/schoenberger-strand.info\/en\/","title":{"rendered":"Holiday home"},"content":{"rendered":"<h1 class=\"wp-block-heading\">Your holiday on the Baltic Sea - Entire holiday home or two apartments with own garden and south-facing balcony<\/h1>\n\n\n\n<div class=\"wp-block-columns is-layout-flex wp-container-core-columns-is-layout-9d6595d7 wp-block-columns-is-layout-flex\">\n<div class=\"wp-block-column is-layout-flow wp-block-column-is-layout-flow\">\n<h2 class=\"wp-block-heading\">Close to the beach and away from the hustle at the same time<\/h2>\n\n\n\n<p class=\"translation-block\">Our holiday home <strong>\"Querab\" <\/strong>in <strong>Sch\u00f6nberger Strand <\/strong> is located 350m from the beach, very close to the <strong>\"Seebr\u00fccke\" pier <\/strong>and the <strong>museum railway <\/strong>. The ideal base for your holiday with your family or partner.<\/p>\n\n\n\n<p>Our house combines two separate, comfortably equipped and especially tastefully furnished holiday apartments (each ca 75sqm, 2 bedrooms, lounge\/dining room with wood stove, kitchen, WC\/shower).<\/p>\n\n\n\n<p class=\"translation-block\">The two apartments can also be combined to the <strong>perfect holiday home<\/strong> for the extended family or two families spending their holiday together. Just contact us if you want to rent the whole house.<\/p>\n<\/div>\n\n\n\n<div class=\"wp-block-column is-layout-flow wp-block-column-is-layout-flow\">\n<figure class=\"wp-block-image size-full\"><img loading=\"lazy\" decoding=\"async\" width=\"800\" height=\"450\" src=\"https:\/\/schoenberger-strand.info\/wp-content\/uploads\/2020\/05\/schoenberger-strand_de_010.jpg\" alt=\"\" class=\"wp-image-407\" srcset=\"https:\/\/schoenberger-strand.info\/wp-content\/uploads\/2020\/05\/schoenberger-strand_de_010.jpg 800w, https:\/\/schoenberger-strand.info\/wp-content\/uploads\/2020\/05\/schoenberger-strand_de_010-300x169.jpg 300w, https:\/\/schoenberger-strand.info\/wp-content\/uploads\/2020\/05\/schoenberger-strand_de_010-768x432.jpg 768w\" sizes=\"auto, (max-width: 800px) 100vw, 800px\" \/><\/figure>\n<\/div>\n<\/div>\n\n\n\n<div class=\"wp-block-columns is-layout-flex wp-container-core-columns-is-layout-9d6595d7 wp-block-columns-is-layout-flex\">\n<div class=\"wp-block-column is-layout-flow wp-block-column-is-layout-flow\">\n<figure class=\"wp-block-image size-large\"><img loading=\"lazy\" decoding=\"async\" width=\"1024\" height=\"683\" src=\"https:\/\/schoenberger-strand.info\/wp-content\/uploads\/2020\/05\/Wohnzimmer-unten-2-1024x683.jpg\" alt=\"\" class=\"wp-image-210\" srcset=\"https:\/\/schoenberger-strand.info\/wp-content\/uploads\/2020\/05\/Wohnzimmer-unten-2-1024x683.jpg 1024w, https:\/\/schoenberger-strand.info\/wp-content\/uploads\/2020\/05\/Wohnzimmer-unten-2-300x200.jpg 300w, https:\/\/schoenberger-strand.info\/wp-content\/uploads\/2020\/05\/Wohnzimmer-unten-2-768x512.jpg 768w, https:\/\/schoenberger-strand.info\/wp-content\/uploads\/2020\/05\/Wohnzimmer-unten-2-1536x1024.jpg 1536w, https:\/\/schoenberger-strand.info\/wp-content\/uploads\/2020\/05\/Wohnzimmer-unten-2-2048x1365.jpg 2048w\" sizes=\"auto, (max-width: 1024px) 100vw, 1024px\" \/><\/figure>\n<\/div>\n\n\n\n<div class=\"wp-block-column is-layout-flow wp-block-column-is-layout-flow\">\n<h2 class=\"wp-block-heading\">Apartment \"Hauptdeck\" with its own garden<\/h2>\n\n\n\n<p>The holiday apartment <strong>\u201c<a href=\"https:\/\/schoenberger-strand.info\/en\/ferienwohnung-hauptdeck-unten\/\" target=\"_blank\" rel=\"noreferrer noopener\">Hauptdeck<\/a><\/strong>\u201d befindet sich in der unteren Ebene. Man gelangt von dort \u00fcber breite T\u00fcren auf zwei gro\u00dfe, miteinander verbundene Terrassen. Diese sind teilweise durch die zwei gro\u00dfen Balkone der dar\u00fcber liegenden Ferienwohnung &#8222;Oberdeck&#8220;&nbsp; \u00fcberdacht.&nbsp;Aus dem Wohnbereich der Wohnung&nbsp;<strong>&#8222;Hauptdeck&#8220;<\/strong> \u201cHauptdeck\u201d you have a free view of the secluded garden. The garden and the lawn invite children to play and are for exclusive use of our guests in the \u201cHauptdeck\u201d apartment . Hedges and fences protect the garden from the prying eyes of passers by.<\/p>\n<\/div>\n<\/div>\n\n\n\n<div class=\"wp-block-columns is-layout-flex wp-container-core-columns-is-layout-9d6595d7 wp-block-columns-is-layout-flex\">\n<div class=\"wp-block-column is-layout-flow wp-block-column-is-layout-flow\">\n<h2 class=\"wp-block-heading\">Apartment \"Oberdeck\" with south-facing balcony<\/h2>\n\n\n\n<p>The apartment \u201d<strong><a href=\"https:\/\/schoenberger-strand.info\/en\/ferienwohnung-oberdeck-oben\/\" target=\"_blank\" rel=\"noreferrer noopener\">Oberdeck<\/a><\/strong>\u201d im Obergeschoss gew\u00e4hrt einen unverbauten, weiten Blick ins Gr\u00fcne und auf das Lanschaftsschutzgebiet.&nbsp;Der gro\u00dfe S\u00fcd-Balkon der Ferienwohnung &#8222;Oberdeck&#8220; l\u00e4sst sich mit einer weit ausladenden Markise beschatten.<\/p>\n\n\n\n<p class=\"translation-block\">The \u201eOberdeck\u201c apartment is cleverly designed, open on the one hand and at the same time with niches to retreat and enjoy a book or a glass of wine.<\/p>\n<\/div>\n\n\n\n<div class=\"wp-block-column is-layout-flow wp-block-column-is-layout-flow\">\n<figure class=\"wp-block-image size-large\"><img loading=\"lazy\" decoding=\"async\" width=\"1024\" height=\"683\" src=\"https:\/\/schoenberger-strand.info\/wp-content\/uploads\/2020\/05\/Essecke-oben-1024x683.jpg\" alt=\"\" class=\"wp-image-167\" srcset=\"https:\/\/schoenberger-strand.info\/wp-content\/uploads\/2020\/05\/Essecke-oben-1024x683.jpg 1024w, https:\/\/schoenberger-strand.info\/wp-content\/uploads\/2020\/05\/Essecke-oben-300x200.jpg 300w, https:\/\/schoenberger-strand.info\/wp-content\/uploads\/2020\/05\/Essecke-oben-768x512.jpg 768w, https:\/\/schoenberger-strand.info\/wp-content\/uploads\/2020\/05\/Essecke-oben.jpg 1200w\" sizes=\"auto, (max-width: 1024px) 100vw, 1024px\" \/><\/figure>\n<\/div>\n<\/div>\n\n\n\n<div class=\"wp-block-columns is-layout-flex wp-container-core-columns-is-layout-9d6595d7 wp-block-columns-is-layout-flex\">\n<div class=\"wp-block-column is-layout-flow wp-block-column-is-layout-flow\">\n<figure class=\"wp-block-image size-large\"><img loading=\"lazy\" decoding=\"async\" width=\"1024\" height=\"767\" src=\"https:\/\/schoenberger-strand.info\/wp-content\/uploads\/2020\/05\/DJI_0027_070815_chrisreiner_de-1024x767.jpg\" alt=\"\" class=\"wp-image-498\" srcset=\"https:\/\/schoenberger-strand.info\/wp-content\/uploads\/2020\/05\/DJI_0027_070815_chrisreiner_de-1024x767.jpg 1024w, https:\/\/schoenberger-strand.info\/wp-content\/uploads\/2020\/05\/DJI_0027_070815_chrisreiner_de-300x225.jpg 300w, https:\/\/schoenberger-strand.info\/wp-content\/uploads\/2020\/05\/DJI_0027_070815_chrisreiner_de-768x576.jpg 768w, https:\/\/schoenberger-strand.info\/wp-content\/uploads\/2020\/05\/DJI_0027_070815_chrisreiner_de-1536x1151.jpg 1536w, https:\/\/schoenberger-strand.info\/wp-content\/uploads\/2020\/05\/DJI_0027_070815_chrisreiner_de-2048x1535.jpg 2048w\" sizes=\"auto, (max-width: 1024px) 100vw, 1024px\" \/><\/figure>\n<\/div>\n\n\n\n<div class=\"wp-block-column is-layout-flow wp-block-column-is-layout-flow\">\n<h2 class=\"wp-block-heading\">As much sun as possible<\/h2>\n\n\n\n<p>You will find a sunny or shady place in both apartments from sunrise to sunset. Enjoy breakfast as the morning sun rises or dinner as the sun sets.<\/p>\n\n\n\n<p>Garden furniture and cushions are in generous supply for both apartments.<\/p>\n\n\n\n<h2 class=\"wp-block-heading\">With parking space for your car<\/h2>\n\n\n\n<p class=\"translation-block\">The driveway of the house offers one <strong>parking space <\/strong>for each apartment. Additional parking spaces are available in the road outside the house.<\/p>\n<\/div>\n<\/div>\n\n\n\n<div class=\"wp-block-columns is-layout-flex wp-container-core-columns-is-layout-9d6595d7 wp-block-columns-is-layout-flex\">\n<div class=\"wp-block-column is-layout-flow wp-block-column-is-layout-flow\">\n<h2 class=\"wp-block-heading\">Parking spaces for your bikes<\/h2>\n\n\n\n<p class=\"translation-block\">We also offer covered spaces to park your own <strong>bicycles<\/strong>. On prior request our guests can use the <strong>garage<\/strong> next to the house to park bicycles. Guests in the \u201cHauptdeck\u201d apartment (ground floor) will additionally find a covered area behind the house (access via a lockable garden door).<\/p>\n\n\n\n<h2 class=\"wp-block-heading\">Smoke free and pet free<\/h2>\n\n\n\n<p class=\"translation-block\">With consideration for children and other guests, we like to keep the holiday home <strong>smoke-free<\/strong>. <strong>Pets <\/strong>are also <strong>not allowed <\/strong>in our apartments.<\/p>\n<\/div>\n\n\n\n<div class=\"wp-block-column is-layout-flow wp-block-column-is-layout-flow\">\n<figure class=\"wp-block-image size-large\"><img loading=\"lazy\" decoding=\"async\" width=\"1024\" height=\"767\" src=\"https:\/\/schoenberger-strand.info\/wp-content\/uploads\/2020\/05\/DJI_0023_070815_chrisreiner_de-1024x767.jpg\" alt=\"\" class=\"wp-image-495\" srcset=\"https:\/\/schoenberger-strand.info\/wp-content\/uploads\/2020\/05\/DJI_0023_070815_chrisreiner_de-1024x767.jpg 1024w, https:\/\/schoenberger-strand.info\/wp-content\/uploads\/2020\/05\/DJI_0023_070815_chrisreiner_de-300x225.jpg 300w, https:\/\/schoenberger-strand.info\/wp-content\/uploads\/2020\/05\/DJI_0023_070815_chrisreiner_de-768x576.jpg 768w, https:\/\/schoenberger-strand.info\/wp-content\/uploads\/2020\/05\/DJI_0023_070815_chrisreiner_de-1536x1151.jpg 1536w, https:\/\/schoenberger-strand.info\/wp-content\/uploads\/2020\/05\/DJI_0023_070815_chrisreiner_de-2048x1535.jpg 2048w\" sizes=\"auto, (max-width: 1024px) 100vw, 1024px\" \/><\/figure>\n<\/div>\n<\/div>\n\n\n\n<div class=\"wp-block-buttons is-content-justification-center is-layout-flex wp-container-core-buttons-is-layout-16018d1d wp-block-buttons-is-layout-flex\">\n<div class=\"wp-block-button\"><a class=\"wp-block-button__link wp-element-button\" href=\"https:\/\/schoenberger-strand.info\/en\/buchungsanfrage\/\" target=\"_blank\" rel=\"noreferrer noopener\">Booking<\/a><\/div>\n\n\n\n<div class=\"wp-block-button\"><a class=\"wp-block-button__link wp-element-button\" href=\"https:\/\/schoenberger-strand.info\/en\/info-preise\/\" target=\"_blank\" rel=\"noreferrer noopener\">Info &amp; prices<\/a><\/div>\n\n\n\n<div class=\"wp-block-button\"><a class=\"wp-block-button__link wp-element-button\" href=\"https:\/\/schoenberger-strand.info\/en\/https-www-optimale-praesentation-de-bilder-pobjekt-0000076854-bkalender-j1-l-gif\/\" target=\"_blank\" rel=\"noreferrer noopener\">Availability<\/a><\/div>\n<\/div>","protected":false},"excerpt":{"rendered":"<p>Ihr Strandurlaub an der Ostsee &#8211; Komplettes Ferienhaus oder zwei Ferienwohnungen mit eigenem Garten und S\u00fcdbalkon In Strandn\u00e4he und zugleich abseits des Trubels Unser Ferienhaus &#8222;Querab&#8220; in&nbsp;Sch\u00f6nberger Strand liegt 350m vom Strand, ganz in der N\u00e4he der&nbsp;Seebr\u00fccke und der&nbsp;Museumseisenbahn. Die ideale Basis f\u00fcr Ihren Urlaub mit der Familie oder Ihrem Partner. In unserem Ferienhaus gibt <a class=\"read-more\" href=\"https:\/\/schoenberger-strand.info\/en\/\">READ MORE<\/a><\/p>","protected":false},"author":1,"featured_media":0,"parent":0,"menu_order":0,"comment_status":"closed","ping_status":"closed","template":"","meta":{"footnotes":""},"class_list":["post-19","page","type-page","status-publish","hentry"],"_links":{"self":[{"href":"https:\/\/schoenberger-strand.info\/en\/wp-json\/wp\/v2\/pages\/19","targetHints":{"allow":["GET"]}}],"collection":[{"href":"https:\/\/schoenberger-strand.info\/en\/wp-json\/wp\/v2\/pages"}],"about":[{"href":"https:\/\/schoenberger-strand.info\/en\/wp-json\/wp\/v2\/types\/page"}],"author":[{"embeddable":true,"href":"https:\/\/schoenberger-strand.info\/en\/wp-json\/wp\/v2\/users\/1"}],"replies":[{"embeddable":true,"href":"https:\/\/schoenberger-strand.info\/en\/wp-json\/wp\/v2\/comments?post=19"}],"version-history":[{"count":13,"href":"https:\/\/schoenberger-strand.info\/en\/wp-json\/wp\/v2\/pages\/19\/revisions"}],"predecessor-version":[{"id":1145,"href":"https:\/\/schoenberger-strand.info\/en\/wp-json\/wp\/v2\/pages\/19\/revisions\/1145"}],"wp:attachment":[{"href":"https:\/\/schoenberger-strand.info\/en\/wp-json\/wp\/v2\/media?parent=19"}],"curies":[{"name":"wp","href":"https:\/\/api.w.org\/{rel}","templated":true}]}}