{"id":16,"date":"2020-05-23T11:47:00","date_gmt":"2020-05-23T11:47:00","guid":{"rendered":"https:\/\/dev.schoenberger-strand.info\/?page_id=16"},"modified":"2026-01-03T19:53:13","modified_gmt":"2026-01-03T18:53:13","slug":"info-preise","status":"publish","type":"page","link":"https:\/\/schoenberger-strand.info\/en\/info-preise","title":{"rendered":"Info &amp; prices"},"content":{"rendered":"<h2 class=\"wp-block-heading\">Information about your holiday apartments<\/h2>\n\n\n\n<ul class=\"wp-block-list\">\n<li><strong>Hauptdeck (ground floor, garden):<\/strong> for up to 2 adults and up to 2 children.<\/li>\n\n\n\n<li><strong>Oberdeck (upstairs, south-facing balcony):<\/strong> for up to 2 adults and up to 2 school age children.<br>(Deviations from this occupancy is possible, but please enquire before booking! In addition, one baby travel bed is available per apartment).<\/li>\n<\/ul>\n\n\n\n<div class=\"wp-block-buttons is-layout-flex wp-block-buttons-is-layout-flex\">\n<div class=\"wp-block-button\"><a class=\"wp-block-button__link wp-element-button\" href=\"https:\/\/schoenberger-strand.info\/en\/buchungsanfrage\/\">Booking<\/a><\/div>\n<\/div>\n\n\n\n<h2 class=\"wp-block-heading\"><br>Travel period 2025 (prices per apartment)<\/h2>\n\n\n\n<figure class=\"wp-block-table is-style-stripes\"><table><thead><tr><th class=\"has-text-align-left\" data-align=\"left\">Travel period<\/th><th class=\"has-text-align-center translation-block\" data-align=\"center\"><strong>Minimum <br> stay<\/strong><\/th><th class=\"has-text-align-center translation-block\" data-align=\"center\">1st night <br> incl cleaning<\/th><th class=\"has-text-align-center translation-block\" data-align=\"center\">additional <br> night<\/th><th class=\"has-text-align-center\" data-align=\"center\">1 week <br><strong>incl cleaning<\/strong><\/th><th class=\"has-text-align-center translation-block\" data-align=\"center\">additional <br> week<\/th><\/tr><\/thead><tbody><tr><td class=\"has-text-align-left\" data-align=\"left\">20.12.25 &#8211; 03.01.26<\/td><td class=\"has-text-align-center\" data-align=\"center\">7 nights<\/td><td class=\"has-text-align-center\" data-align=\"center\">190 Euro<\/td><td class=\"has-text-align-center\" data-align=\"center\">100 Euro<\/td><td class=\"has-text-align-center\" data-align=\"center\">790 Euro<\/td><td class=\"has-text-align-center\" data-align=\"center\">700 Euro<\/td><\/tr><tr><td class=\"has-text-align-left\" data-align=\"left\">03.01.26 &#8211; 27.03.26<\/td><td class=\"has-text-align-center\" data-align=\"center\">7 nights<\/td><td class=\"has-text-align-center\" data-align=\"center\">160 Euro<\/td><td class=\"has-text-align-center\" data-align=\"center\">70 Euro<\/td><td class=\"has-text-align-center\" data-align=\"center\">580 Euro<\/td><td class=\"has-text-align-center\" data-align=\"center\">490 Euro<\/td><\/tr><tr><td class=\"has-text-align-left\" data-align=\"left\">28.03.26 &#8211; 10.04.26<\/td><td class=\"has-text-align-center\" data-align=\"center\">7 nights<\/td><td class=\"has-text-align-center\" data-align=\"center\">175 Euro<\/td><td class=\"has-text-align-center\" data-align=\"center\">85 Euro<\/td><td class=\"has-text-align-center\" data-align=\"center\">685 Euro<\/td><td class=\"has-text-align-center\" data-align=\"center\">595 Euro<\/td><\/tr><tr><td class=\"has-text-align-left\" data-align=\"left\">11.04.26 &#8211; 24.04.26<\/td><td class=\"has-text-align-center\" data-align=\"center\">7 nights<\/td><td class=\"has-text-align-center\" data-align=\"center\">165 Euro<\/td><td class=\"has-text-align-center\" data-align=\"center\">75 Euro<\/td><td class=\"has-text-align-center\" data-align=\"center\">615 Euro<\/td><td class=\"has-text-align-center\" data-align=\"center\">525 Euro<\/td><\/tr><tr><td class=\"has-text-align-left\" data-align=\"left\">25.04.26 &#8211; 08.05.26<\/td><td class=\"has-text-align-center\" data-align=\"center\">7 nights<\/td><td class=\"has-text-align-center\" data-align=\"center\">175 Euro<\/td><td class=\"has-text-align-center\" data-align=\"center\">85 Euro<\/td><td class=\"has-text-align-center\" data-align=\"center\">685 Euro<\/td><td class=\"has-text-align-center\" data-align=\"center\">595 Euro<\/td><\/tr><tr><td class=\"has-text-align-left\" data-align=\"left\">09.05.26 &#8211; 29.05.26<\/td><td class=\"has-text-align-center\" data-align=\"center\">7 nights<\/td><td class=\"has-text-align-center\" data-align=\"center\">180 Euro<\/td><td class=\"has-text-align-center\" data-align=\"center\">90 Euro<\/td><td class=\"has-text-align-center\" data-align=\"center\">720 Euro<\/td><td class=\"has-text-align-center\" data-align=\"center\">630 Euro<\/td><\/tr><tr><td class=\"has-text-align-left\" data-align=\"left\">30.05.26 &#8211; 26.06.26<\/td><td class=\"has-text-align-center\" data-align=\"center\">7 nights<\/td><td class=\"has-text-align-center\" data-align=\"center\">190 Euro<\/td><td class=\"has-text-align-center\" data-align=\"center\">100 Euro<\/td><td class=\"has-text-align-center\" data-align=\"center\">790 Euro<\/td><td class=\"has-text-align-center\" data-align=\"center\">700 Euro<\/td><\/tr><tr><td class=\"has-text-align-left\" data-align=\"left\">27.06.26 &#8211; 28.08.26<\/td><td class=\"has-text-align-center\" data-align=\"center\">7 nights<\/td><td class=\"has-text-align-center\" data-align=\"center\">220 Euro<\/td><td class=\"has-text-align-center\" data-align=\"center\">130 Euro<\/td><td class=\"has-text-align-center\" data-align=\"center\">1000 Euro<\/td><td class=\"has-text-align-center\" data-align=\"center\">910 Euro<\/td><\/tr><tr><td class=\"has-text-align-left\" data-align=\"left\">29.08.26 &#8211; 25.09.26<\/td><td class=\"has-text-align-center\" data-align=\"center\">7 nights<\/td><td class=\"has-text-align-center\" data-align=\"center\">190 Euro<\/td><td class=\"has-text-align-center\" data-align=\"center\">100 Euro<\/td><td class=\"has-text-align-center\" data-align=\"center\">790 Euro<\/td><td class=\"has-text-align-center\" data-align=\"center\">700 Euro<\/td><\/tr><tr><td class=\"has-text-align-left\" data-align=\"left\">26.09.26 &#8211; 30.10.26<\/td><td class=\"has-text-align-center\" data-align=\"center\">7 nights<\/td><td class=\"has-text-align-center\" data-align=\"center\">175 Euro<\/td><td class=\"has-text-align-center\" data-align=\"center\">85 Euro<\/td><td class=\"has-text-align-center\" data-align=\"center\">685 Euro<\/td><td class=\"has-text-align-center\" data-align=\"center\">595 Euro<\/td><\/tr><tr><td class=\"has-text-align-left\" data-align=\"left\">31.10.26 &#8211; 18.12.26<\/td><td class=\"has-text-align-center\" data-align=\"center\">7 nights<\/td><td class=\"has-text-align-center\" data-align=\"center\">160 Euro<\/td><td class=\"has-text-align-center\" data-align=\"center\">70 Euro<\/td><td class=\"has-text-align-center\" data-align=\"center\">580 Euro<\/td><td class=\"has-text-align-center\" data-align=\"center\">490 Euro<\/td><\/tr><tr><td class=\"has-text-align-left\" data-align=\"left\">19.12.26 &#8211; 06.01.27<\/td><td class=\"has-text-align-center\" data-align=\"center\">7 nights<\/td><td class=\"has-text-align-center\" data-align=\"center\">190 Euro<\/td><td class=\"has-text-align-center\" data-align=\"center\">100 Euro<\/td><td class=\"has-text-align-center\" data-align=\"center\">790 Euro<\/td><td class=\"has-text-align-center\" data-align=\"center\">700 Euro<\/td><\/tr><\/tbody><\/table><\/figure>\n\n\n\n<h3 class=\"wp-block-heading\">Prices include<\/h3>\n\n\n\n<ul class=\"wp-block-list\">\n<li>Internet access via WLAN (new: up to 40 Mbps)<\/li>\n\n\n\n<li>electricity and water (including washing machine and tumble dryer), central heating<\/li>\n\n\n\n<li>firewood (outside the summer period; in usual amounts)<\/li>\n<\/ul>\n\n\n\n<p>You can optionally book a bedlinen\/towel pack at \u20ac25.00 per person and stay.<\/p>\n\n\n\n<p>Our <a href=\"https:\/\/schoenberger-strand.info\/en\/allgemeine-geschaeftsbedingungen\/\">Standard terms and conditions <\/a>apply.<\/p>\n\n\n\n<h3 class=\"wp-block-heading\">Tourist Tax<\/h3>\n\n\n\n<p>The payment of the tourist tax is obligatory and not included in the rental prices. The amount of the tourist tax is<\/p>\n\n\n\n<ul class=\"wp-block-list\">\n<li>15 Mar to 30 Apr: <strong>\u20ac 1,10 \/ Day<\/strong><\/li>\n\n\n\n<li>1 May to 30 Sep <strong>\u20ac 2,50 \/ Day<\/strong><\/li>\n\n\n\n<li>1 Oct to 31 Oct <strong>\u20ac 1,10 \/ Day<\/strong><\/li>\n<\/ul>\n\n\n\n<p>At other times no tourist tax is charged.<\/p>\n\n\n\n<p>All prices include VAT.<\/p>\n\n\n\n<p>Possible changes to rental prices do not apply to bookings previously confirmed bookings.<\/p>\n\n\n\n<p><em>Errors and spelling mistakes reserved.<\/em><\/p>","protected":false},"excerpt":{"rendered":"<p>Informationen zu Ihrer Ferienwohnung Reisezeit 2025 (Preise je Wohnung) Zeitraum Mindest-aufenthalt 1. Nacht inkl. Endreinigung weitere Nacht 1 Woche inkl. Endreinigung weitere Woche 20.12.25 &#8211; 03.01.26 7 N\u00e4chte 190 Euro 100 Euro 790 Euro 700 Euro 03.01.26 &#8211; 27.03.26 7 N\u00e4chte 160 Euro 70 Euro 580 Euro 490 Euro 28.03.26 &#8211; 10.04.26 7 N\u00e4chte 175 <a class=\"read-more\" href=\"https:\/\/schoenberger-strand.info\/en\/info-preise\">READ MORE<\/a><\/p>","protected":false},"author":1,"featured_media":0,"parent":0,"menu_order":0,"comment_status":"closed","ping_status":"closed","template":"","meta":{"footnotes":""},"class_list":["post-16","page","type-page","status-publish","hentry"],"_links":{"self":[{"href":"https:\/\/schoenberger-strand.info\/en\/wp-json\/wp\/v2\/pages\/16","targetHints":{"allow":["GET"]}}],"collection":[{"href":"https:\/\/schoenberger-strand.info\/en\/wp-json\/wp\/v2\/pages"}],"about":[{"href":"https:\/\/schoenberger-strand.info\/en\/wp-json\/wp\/v2\/types\/page"}],"author":[{"embeddable":true,"href":"https:\/\/schoenberger-strand.info\/en\/wp-json\/wp\/v2\/users\/1"}],"replies":[{"embeddable":true,"href":"https:\/\/schoenberger-strand.info\/en\/wp-json\/wp\/v2\/comments?post=16"}],"version-history":[{"count":20,"href":"https:\/\/schoenberger-strand.info\/en\/wp-json\/wp\/v2\/pages\/16\/revisions"}],"predecessor-version":[{"id":1148,"href":"https:\/\/schoenberger-strand.info\/en\/wp-json\/wp\/v2\/pages\/16\/revisions\/1148"}],"wp:attachment":[{"href":"https:\/\/schoenberger-strand.info\/en\/wp-json\/wp\/v2\/media?parent=16"}],"curies":[{"name":"wp","href":"https:\/\/api.w.org\/{rel}","templated":true}]}}