{"id":14,"date":"2020-05-23T11:47:00","date_gmt":"2020-05-23T11:47:00","guid":{"rendered":"https:\/\/dev.schoenberger-strand.info\/?page_id=14"},"modified":"2023-04-03T13:37:14","modified_gmt":"2023-04-03T11:37:14","slug":"https-www-optimale-praesentation-de-bilder-pobjekt-0000076854-bkalender-j1-l-gif","status":"publish","type":"page","link":"https:\/\/schoenberger-strand.info\/en\/https-www-optimale-praesentation-de-bilder-pobjekt-0000076854-bkalender-j1-l-gif","title":{"rendered":"Availability"},"content":{"rendered":"<p class=\"has-medium-font-size translation-block\"><strong>Oberdeck <\/strong>(upstairs, south-facing balcony, 2 adults and 2 children)<\/p>\n\n\n\n<p><\/p>\n\n\n\n<figure class=\"wp-block-image size-large\"><img decoding=\"async\" src=\"https:\/\/www.optimale-praesentation.de\/bilder\/pobjekt\/0000076855\/bkalender_j1_l.gif\" alt=\"Belegungskalender\"\/><\/figure>\n\n\n\n<figure class=\"wp-block-image size-large\"><img decoding=\"async\" src=\"https:\/\/www.optimale-praesentation.de\/bilder\/pobjekt\/0000076855\/bkalender_j2_l.gif\" alt=\"Belegungskalender\"\/><\/figure>\n\n\n\n<p class=\"has-medium-font-size translation-block\"><strong>Hauptdeck <\/strong>(ground floor, garden, 2 adults and up to 2 children)<\/p>\n\n\n\n<figure class=\"wp-block-image size-large\"><img decoding=\"async\" src=\"https:\/\/www.optimale-praesentation.de\/bilder\/pobjekt\/0000076854\/bkalender_j1_l.gif\" alt=\"Belegungskalender\"\/><\/figure>\n\n\n\n<figure class=\"wp-block-image size-large\"><img decoding=\"async\" src=\"https:\/\/www.optimale-praesentation.de\/bilder\/pobjekt\/0000076854\/bkalender_j2_l.gif\" alt=\"Belegungskalender\"\/><\/figure>\n\n\n\n<p><\/p>","protected":false},"excerpt":{"rendered":"<p>Oberdeck (Obergeschoss, S\u00fcdbalkon, f\u00fcr 2 Erwachsene und 2 Kinder) Hauptdeck (Erdgeschoss, Garten, f\u00fcr 2 Erwachsene und bis zu 2 Kindern)<\/p>","protected":false},"author":1,"featured_media":0,"parent":0,"menu_order":0,"comment_status":"closed","ping_status":"closed","template":"","meta":{"footnotes":""},"class_list":["post-14","page","type-page","status-publish","hentry"],"_links":{"self":[{"href":"https:\/\/schoenberger-strand.info\/en\/wp-json\/wp\/v2\/pages\/14","targetHints":{"allow":["GET"]}}],"collection":[{"href":"https:\/\/schoenberger-strand.info\/en\/wp-json\/wp\/v2\/pages"}],"about":[{"href":"https:\/\/schoenberger-strand.info\/en\/wp-json\/wp\/v2\/types\/page"}],"author":[{"embeddable":true,"href":"https:\/\/schoenberger-strand.info\/en\/wp-json\/wp\/v2\/users\/1"}],"replies":[{"embeddable":true,"href":"https:\/\/schoenberger-strand.info\/en\/wp-json\/wp\/v2\/comments?post=14"}],"version-history":[{"count":4,"href":"https:\/\/schoenberger-strand.info\/en\/wp-json\/wp\/v2\/pages\/14\/revisions"}],"predecessor-version":[{"id":1152,"href":"https:\/\/schoenberger-strand.info\/en\/wp-json\/wp\/v2\/pages\/14\/revisions\/1152"}],"wp:attachment":[{"href":"https:\/\/schoenberger-strand.info\/en\/wp-json\/wp\/v2\/media?parent=14"}],"curies":[{"name":"wp","href":"https:\/\/api.w.org\/{rel}","templated":true}]}}